{"id":246,"date":"2013-12-03T20:53:41","date_gmt":"2013-12-03T18:53:41","guid":{"rendered":"http:\/\/andreas-marneros.de\/?page_id=246"},"modified":"2024-01-18T16:08:48","modified_gmt":"2024-01-18T14:08:48","slug":"bucher","status":"publish","type":"page","link":"https:\/\/andreas-marneros.de\/?page_id=246","title":{"rendered":"B\u00fccher"},"content":{"rendered":"<p><a href=\"https:\/\/andreas-marneros.de\/wp-content\/uploads\/2024\/01\/Buchliste-als-PDF.pdf\">Buchliste als PDF<\/a><\/p>\n<p><strong>Allgemeine B\u00fccher<\/strong><\/p>\n<ul>\n<li>Marneros A. Bitterer als der Tod ist die Frau. Die Angst des Mannes vor der Gleichberechtigung. Mitteldeutscher Verlag, 2024<\/li>\n<li>Marneros A. Die List. Mythen und Psychologie. Schattauer, 2020<\/li>\n<li>Marneros A. Enzyklop\u00e4die der Eponymen Syndrome und Begriffe in Psychiatrie und Klinischer Psychologie. Von Achilles-Komplex \u00fcber Othello-Syndrom bis Zooanthropie. Springer, 2019<\/li>\n<li>Marneros A. Warum \u00d6dipus keinen \u00d6dipus-Komplex und Adonis keinen Sch\u00f6nheitswahn hatte \u2013 Psychoanalyse und griechische Mythologie \u2013 eine Beziehungskl\u00e4rung. Springer, 2018<\/li>\n<li>Marneros, A. Mein Bruder Sisyphos, mein Freund der Minotauros, Archetypen der griechischen Mythologie psychologisch erz\u00e4hlt. Springer 2018.<\/li>\n<li>Marneros A: Homers Odyssee psychologisch erz\u00e4hlt. Der Seele erste Irrfahrt. Springer, 2016.<\/li>\n<li>Marneros, A. Homers\u00a0Ilias psychologisch erz\u00e4hlt &#8211; Der Seele erste Worte. Springer Fachmedien Wiesbaden 2017.<\/li>\n<li>Marneros, A. Feuer f\u00fcr ausgebrannte Helden: Auf der Suche nach Orientierung. Ein Abenteuer mit Prometheus und Herakles. Rheinbach: CMZ-Verlag, 2015.<\/li>\n<li>Marneros, A. Irrsal! Wirrsal! Wahnsinn! Pers\u00f6nlichkeit, Psychose und psychische Konflikte in Trag\u00f6dien und Mythen. Stuttgart: Schattauer, 2013.<\/li>\n<li>Marneros, A. T\u00e9los kai arch\u00e9. Die letzte Vorlesung. K\u00f6ln: ANA Publishers, 2012.<\/li>\n<li>Marneros, A. Das Doppelherz des Odysseus. Bonn: ANA Publishers, 2011.<\/li>\n<li>Marneros, A. Sexualm\u00f6rder, Sexualt\u00e4ter, Sexualopfer. Eine erkl\u00e4rende Erz\u00e4hlung. Bonn: Psychiatrie-Verlag, 2007.<\/li>\n<li>Marneros, A. Blinde Gewalt. Rechtsradikale Gewaltt\u00e4ter und ihre zuf\u00e4lligen Opfer. Bern: Scherz, 2005.<\/li>\n<li>Marneros, A. Schlaf gut, mein Schatz. Eltern, die ihre Kinder t\u00f6ten. Bern: Scherz, 2003.<\/li>\n<li>Marneros, A. Hitlers Urenkel. Rechtsradikale Gewaltt\u00e4ter \u2013 Erfahrungen eines wahldeutschen Gerichtsgutachters. Bern: Scherz, 2002.<\/li>\n<li>Marneros, A. Sexualm\u00f6rder. Eine erkl\u00e4rende Erz\u00e4hlung. Bonn, Basel: Psychiatrieverlag, 1997.<\/li>\n<\/ul>\n<p><strong>Fachb\u00fccher<\/strong><\/p>\n<ul>\n<li>Marneros, A. Persistent Delusional Disorders: Myths and Realities. New York: Nova Science Publishers, 2012.<\/li>\n<li>Marneros, A., Dorsch, V., Gutmann, P., Pillmann, F. Reil und seine Nachfolger. Zwei Jahrhunderte Universit\u00e4tspsychiatrie am Geburtsort der &#8222;Psychiatrie&#8220;. K\u00f6ln: ANA Publishers, 2012.<\/li>\n<li>Marneros, A. Epist\u00e9me \u2013 Scientia \u2013 Wissenschaft. Bonn: Psychiatrie Verlag, 2011.<\/li>\n<li>Marneros, A., Rohde, A. Festschrift zum 80. Geburtstag von Uwe Henrik Peters. Sapientiae cupido patria esse cariorem und das Lied der Sirenen. K\u00f6ln: ANA Publishers, 2011.<\/li>\n<li>Marneros, A. Intimizid. Die T\u00f6tung des Intimpartners. Ursachen, Tatsituationen und forensische Beurteilung. Stuttgart: Schattauer, 2008.<\/li>\n<li>Marneros, A., Bauer, M., Rohde, A. Evans DL, Charney DS, Levis L: Depressionen und bipolare Erkrankungen in der psychiatrischen und allgemein\u00e4rztlichen Praxis. Ein Leitfaden. Berlin: ABW Verlag, 2008.<\/li>\n<li>Marneros, A., R\u00f6ttig, D. Biogenese und Psychogenese. Regensburg: Roderer, 2008.<br \/>\n16.\u00a0Marneros, A. Affekttaten und Impulstaten. Forensische Beurteilung von Affektdelikten. Stuttgart: Schattauer, 2007.<\/li>\n<li>Marneros, A., Akiskal, H. S. The Overlap of Affective and Schizophrenic Spectra. Cambridge: Cambridge University Press, 2007.<\/li>\n<li>Rohde, A., Marneros, A. Geschlechtsspezifische Psychiatrie und Psychotherapie \u2013 Ein Handbuch. Stuttgart: Kohlhammer, 2006.<\/li>\n<li>Marneros, A., Goodwin, F. K. Bipolar Disorders. Mixed States, Rapid Cycling and Atypical Forms. Cambridge: Cambridge University Press, 2005.<\/li>\n<li>Marneros, A., Pillmann, F. Das Wort Psychiatrie wurde in Halle geboren. Stuttgart: Schattauer, 2005.<\/li>\n<li>Marneros, A. Das Neue Handbuch der Bipolaren und Depressiven Erkrankungen. Stuttgart, New York: Thieme, 2004.<\/li>\n<li>Marneros, A., Pillmann, F. Acute and Transient Psychoses. Cambridge: Cambridge University Press, 2004.<\/li>\n<li>Marneros, A., Ullrich, S., R\u00f6ssner, D. Angeklagte Straft\u00e4ter. Das Dilemma der Begutachtung. Baden-Baden: Nomos, 2002.<\/li>\n<li>Rohde, A., Marneros, A. Die vielen Gesichter der Depression \u2013 erkennen und behandeln. Bremen: UNI-MED-Verlag, 2001.<\/li>\n<li>Marneros, A. Manisch-depressive und andere bipolare Erkrankungen. Ein Leitfaden f\u00fcr Klinik und Praxis. Stuttgart, New York: Thieme, 2000.<\/li>\n<li>Marneros, A., Angst, J. Bipolar Disorders. 100 Years after manic depressive insanity. Dordrecht, Boston, London: Kluwer Academic Publishers, 2000.<\/li>\n<li>Marneros, A., R\u00f6ssner, D., Haring, A., Brieger, P. Psychiatrie und Justiz. M\u00fcnchen: Zuckerschwerdt-Verlag, 2000.<\/li>\n<li>Marneros, A. Handbuch der unipolaren und bipolaren Erkrankungen. Stuttgart: Thieme, 1999.<\/li>\n<li>Marneros, A. Late Onset Mental Disorders. London: Gaskell, 1999.<\/li>\n<li>Marneros, A. Negative Symptome der Schizophrenie. Diagnose \u2013 Therapie \u2013 Bew\u00e4ltigung. Stuttgart: Thieme, 1997.<\/li>\n<li>Marneros, A., Brieger, P. Psychiatrie als Therapiefach. Regensburg: Roderer-Verlag, 1997.<\/li>\n<li>Marneros, A. Schizoaffektive Erkrankungen. Ein Leitfaden f\u00fcr Klinik und Praxis. Stuttgart: Thieme, 1995.<\/li>\n<li>Marneros, A., Tsuang, M. T., Andreasen, N. C. Psychotic Continuum. Berlin, Heidelberg, New York: Springer, 1995.<\/li>\n<li>Marneros, A., Philipp, M. Pers\u00f6nlichkeit und psychische Erkrankung. Berlin, Heidelberg, New York: Springer, 1992.<\/li>\n<li>Marneros, A., Andreasen, N. C., Tsuang, M. T. Negative versus Positive Schizophrenia. Berlin, Heidelberg, New York: Springer, 1991.<\/li>\n<li>Marneros, A., Deister, A., Rohde, A. Affektive, Schizoaffektive und Schizophrene Psychosen: Eine vergleichende Langzeitstudie. Berlin, Heidelberg, New York: Springer, 1991.<\/li>\n<li>Marneros, A., Tsuang, M. T. Affective and Schizoaffective Disorders. Similarities and Differences. New York: Springer, 1990.<\/li>\n<li>Marneros, A. Schizoaffektive Psychosen. Diagnose, Therapie und Prophylaxe. Berlin, Heidelberg, New York: Springer, 1989.<\/li>\n<li>Marneros, A., Tsuang, M. T. Schizoaffective Psychoses. Berlin, Heidelberg, New York: Springer, 1986.<\/li>\n<\/ul>\n","protected":false},"excerpt":{"rendered":"<p>Buchliste als PDF Allgemeine B\u00fccher Marneros A. Bitterer als der Tod ist die Frau. Die Angst des Mannes vor der Gleichberechtigung. Mitteldeutscher Verlag, 2024 Marneros A. Die List. Mythen und Psychologie. Schattauer, 2020 Marneros A. Enzyklop\u00e4die der Eponymen Syndrome und &hellip; <a href=\"https:\/\/andreas-marneros.de\/?page_id=246\">Weiterlesen <span class=\"meta-nav\">&rarr;<\/span><\/a><\/p>\n","protected":false},"author":1,"featured_media":0,"parent":0,"menu_order":0,"comment_status":"closed","ping_status":"closed","template":"","meta":{"jetpack_post_was_ever_published":false,"footnotes":""},"jetpack_shortlink":"https:\/\/wp.me\/P3J1CK-3Y","jetpack_sharing_enabled":false,"_links":{"self":[{"href":"https:\/\/andreas-marneros.de\/index.php?rest_route=\/wp\/v2\/pages\/246"}],"collection":[{"href":"https:\/\/andreas-marneros.de\/index.php?rest_route=\/wp\/v2\/pages"}],"about":[{"href":"https:\/\/andreas-marneros.de\/index.php?rest_route=\/wp\/v2\/types\/page"}],"author":[{"embeddable":true,"href":"https:\/\/andreas-marneros.de\/index.php?rest_route=\/wp\/v2\/users\/1"}],"replies":[{"embeddable":true,"href":"https:\/\/andreas-marneros.de\/index.php?rest_route=%2Fwp%2Fv2%2Fcomments&post=246"}],"version-history":[{"count":45,"href":"https:\/\/andreas-marneros.de\/index.php?rest_route=\/wp\/v2\/pages\/246\/revisions"}],"predecessor-version":[{"id":471,"href":"https:\/\/andreas-marneros.de\/index.php?rest_route=\/wp\/v2\/pages\/246\/revisions\/471"}],"wp:attachment":[{"href":"https:\/\/andreas-marneros.de\/index.php?rest_route=%2Fwp%2Fv2%2Fmedia&parent=246"}],"curies":[{"name":"wp","href":"https:\/\/api.w.org\/{rel}","templated":true}]}}