{"id":235,"date":"2013-11-18T19:46:27","date_gmt":"2013-11-18T17:46:27","guid":{"rendered":"http:\/\/andreas-marneros.de\/?page_id=235"},"modified":"2021-01-07T19:57:30","modified_gmt":"2021-01-07T17:57:30","slug":"kontakt-2","status":"publish","type":"page","link":"https:\/\/andreas-marneros.de\/?page_id=235","title":{"rendered":"Kontakt"},"content":{"rendered":"<p>Wenn Sie mit mir in Kontakt treten m\u00f6chten, k\u00f6nnen Sie dies direkt \u00fcber meine E-Mail-Adresse:<a href=\"mailto:andreas.marneros@medizin.uni-halle.de\">andreas.marneros@medizin.uni-halle.de<\/a> tun.<\/p>\n\n","protected":false},"excerpt":{"rendered":"<p>Wenn Sie mit mir in Kontakt treten m\u00f6chten, k\u00f6nnen Sie dies direkt \u00fcber meine E-Mail-Adresse:andreas.marneros@medizin.uni-halle.de tun.<\/p>\n","protected":false},"author":1,"featured_media":0,"parent":0,"menu_order":0,"comment_status":"closed","ping_status":"closed","template":"","meta":{"jetpack_post_was_ever_published":false,"footnotes":""},"jetpack_shortlink":"https:\/\/wp.me\/P3J1CK-3N","jetpack_sharing_enabled":true,"_links":{"self":[{"href":"https:\/\/andreas-marneros.de\/index.php?rest_route=\/wp\/v2\/pages\/235"}],"collection":[{"href":"https:\/\/andreas-marneros.de\/index.php?rest_route=\/wp\/v2\/pages"}],"about":[{"href":"https:\/\/andreas-marneros.de\/index.php?rest_route=\/wp\/v2\/types\/page"}],"author":[{"embeddable":true,"href":"https:\/\/andreas-marneros.de\/index.php?rest_route=\/wp\/v2\/users\/1"}],"replies":[{"embeddable":true,"href":"https:\/\/andreas-marneros.de\/index.php?rest_route=%2Fwp%2Fv2%2Fcomments&post=235"}],"version-history":[{"count":12,"href":"https:\/\/andreas-marneros.de\/index.php?rest_route=\/wp\/v2\/pages\/235\/revisions"}],"predecessor-version":[{"id":432,"href":"https:\/\/andreas-marneros.de\/index.php?rest_route=\/wp\/v2\/pages\/235\/revisions\/432"}],"wp:attachment":[{"href":"https:\/\/andreas-marneros.de\/index.php?rest_route=%2Fwp%2Fv2%2Fmedia&parent=235"}],"curies":[{"name":"wp","href":"https:\/\/api.w.org\/{rel}","templated":true}]}}