{"id":2,"date":"2013-07-09T19:30:26","date_gmt":"2013-07-09T17:30:26","guid":{"rendered":"http:\/\/andreas-marneros.de\/?page_id=2"},"modified":"2024-01-18T15:53:22","modified_gmt":"2024-01-18T13:53:22","slug":"beispiel-seite","status":"publish","type":"page","link":"https:\/\/andreas-marneros.de\/","title":{"rendered":"Herzlich Willkommen"},"content":{"rendered":"\n<p><\/p>\n\n\n<p>Auf der Homepage von Prof. Dr. med. Prof. h. c. Dr. h. c. mult. Andreas Marneros.<\/p>\n<p>zuletzt erschienene B\u00fccher:<\/p>\n<table style=\"height: 162px; width: 97.069%; border-collapse: collapse;\" border=\"0\">\n<tbody>\n<tr style=\"height: 162px;\">\n<td style=\"width: 69.119%; text-align: left; vertical-align: top; height: 162px;\">\n<p><span style=\"color: #ff00ff;\"><strong>neu:<\/strong><\/span><\/p>\n<p style=\"text-align: left;\"><strong>&#8222;Bitterer als der Tod ist die Frau. Die Angst des Mannes\u00a0 vor der Gleichberechtigung&#8220;<br \/><\/strong>mitteldeutscher verlag\u00a0 [Weitere Infos]<\/p>\n<\/td>\n<td style=\"width: 30.881%; text-align: left; vertical-align: top; height: 162px;\"><a href=\"https:\/\/andreas-marneros.de\/wp-content\/uploads\/2024\/01\/Cover_final.jpg\"><img loading=\"lazy\" decoding=\"async\" data-attachment-id=\"462\" data-permalink=\"https:\/\/andreas-marneros.de\/?attachment_id=462\" data-orig-file=\"https:\/\/andreas-marneros.de\/wp-content\/uploads\/2024\/01\/Cover_final.jpg\" data-orig-size=\"414,648\" data-comments-opened=\"1\" data-image-meta=\"{&quot;aperture&quot;:&quot;0&quot;,&quot;credit&quot;:&quot;&quot;,&quot;camera&quot;:&quot;&quot;,&quot;caption&quot;:&quot;&quot;,&quot;created_timestamp&quot;:&quot;0&quot;,&quot;copyright&quot;:&quot;&quot;,&quot;focal_length&quot;:&quot;0&quot;,&quot;iso&quot;:&quot;0&quot;,&quot;shutter_speed&quot;:&quot;0&quot;,&quot;title&quot;:&quot;&quot;,&quot;orientation&quot;:&quot;0&quot;}\" data-image-title=\"Cover_final\" data-image-description=\"\" data-image-caption=\"\" data-medium-file=\"https:\/\/andreas-marneros.de\/wp-content\/uploads\/2024\/01\/Cover_final-192x300.jpg\" data-large-file=\"https:\/\/andreas-marneros.de\/wp-content\/uploads\/2024\/01\/Cover_final.jpg\" class=\"alignnone  wp-image-462\" src=\"https:\/\/andreas-marneros.de\/wp-content\/uploads\/2024\/01\/Cover_final-192x300.jpg\" alt=\"\" width=\"181\" height=\"274\" \/><\/a><\/td>\n<\/tr>\n<\/tbody>\n<\/table>\n<table style=\"height: 525px; width: 97.069%; border-collapse: collapse;\" border=\"0\">\n<tbody>\n<tr>\n<td style=\"width: 81.7029%; text-align: left; vertical-align: top;\">\n<p style=\"text-align: left;\"><strong>&#8222;Die List&#8220;<br \/><\/strong>Mythen und Psychologie<br \/>Schattauer <a href=\"https:\/\/www.klett-cotta.de\/buch\/Reihe_Wissen_und_Leben\/Die_List\/112228\" target=\"_blank\" rel=\"noopener noreferrer\">[Link]<\/a><\/p>\n<\/td>\n<td style=\"width: 18.2971%; text-align: left; vertical-align: top;\"><strong><a href=\"https:\/\/andreas-marneros.de\/wp-content\/uploads\/2020\/03\/cover_dieList_gross.jpg\" target=\"_blank\" rel=\"noopener noreferrer\"><img loading=\"lazy\" decoding=\"async\" data-attachment-id=\"409\" data-permalink=\"https:\/\/andreas-marneros.de\/?attachment_id=409\" data-orig-file=\"https:\/\/andreas-marneros.de\/wp-content\/uploads\/2020\/03\/cover_dieList-e1584186566467.jpg\" data-orig-size=\"1418,2186\" data-comments-opened=\"1\" data-image-meta=\"{&quot;aperture&quot;:&quot;0&quot;,&quot;credit&quot;:&quot;&quot;,&quot;camera&quot;:&quot;&quot;,&quot;caption&quot;:&quot;&quot;,&quot;created_timestamp&quot;:&quot;0&quot;,&quot;copyright&quot;:&quot;&quot;,&quot;focal_length&quot;:&quot;0&quot;,&quot;iso&quot;:&quot;0&quot;,&quot;shutter_speed&quot;:&quot;0&quot;,&quot;title&quot;:&quot;&quot;,&quot;orientation&quot;:&quot;0&quot;}\" data-image-title=\"cover_dieList\" data-image-description=\"\" data-image-caption=\"\" data-medium-file=\"https:\/\/andreas-marneros.de\/wp-content\/uploads\/2020\/03\/cover_dieList-195x300.jpg\" data-large-file=\"https:\/\/andreas-marneros.de\/wp-content\/uploads\/2020\/03\/cover_dieList-664x1024.jpg\" class=\"alignright wp-image-409\" src=\"https:\/\/andreas-marneros.de\/wp-content\/uploads\/2020\/03\/cover_dieList-195x300.jpg\" alt=\"\" width=\"100\" height=\"150\" \/><\/a><\/strong><\/td>\n<\/tr>\n<tr style=\"height: 152px;\">\n<td style=\"width: 81.7029%; text-align: left; vertical-align: top; height: 152px;\">\n<p style=\"text-align: left;\"><strong>&#8222;Enzyklop\u00e4die der Eponymen Syndrome und Begriffe in Psychiatrie und Klinischer Psychologie&#8220;<\/strong><br \/>Von Achilles-Komplex \u00fcber Othello-Syndrom bis Zooanthropie,<br \/>Springer <a href=\"https:\/\/www.springer.com\/de\/book\/9783662586235\" target=\"_blank\" rel=\"noopener noreferrer\">[link]<\/a><\/p>\n<\/td>\n<td style=\"width: 18.2971%; text-align: left; vertical-align: top; height: 152px;\"><a href=\"https:\/\/andreas-marneros.de\/wp-content\/uploads\/2019\/07\/cover_enzyklopaedie_gross.png\" target=\"_blank\" rel=\"noopener noreferrer\"><img loading=\"lazy\" decoding=\"async\" data-attachment-id=\"372\" data-permalink=\"https:\/\/andreas-marneros.de\/?attachment_id=372\" data-orig-file=\"https:\/\/andreas-marneros.de\/wp-content\/uploads\/2019\/07\/cover_enzyklopaedie.png\" data-orig-size=\"1644,2776\" data-comments-opened=\"1\" data-image-meta=\"{&quot;aperture&quot;:&quot;0&quot;,&quot;credit&quot;:&quot;&quot;,&quot;camera&quot;:&quot;&quot;,&quot;caption&quot;:&quot;&quot;,&quot;created_timestamp&quot;:&quot;0&quot;,&quot;copyright&quot;:&quot;&quot;,&quot;focal_length&quot;:&quot;0&quot;,&quot;iso&quot;:&quot;0&quot;,&quot;shutter_speed&quot;:&quot;0&quot;,&quot;title&quot;:&quot;&quot;,&quot;orientation&quot;:&quot;0&quot;}\" data-image-title=\"cover_enzyklopaedie\" data-image-description=\"\" data-image-caption=\"\" data-medium-file=\"https:\/\/andreas-marneros.de\/wp-content\/uploads\/2019\/07\/cover_enzyklopaedie-178x300.png\" data-large-file=\"https:\/\/andreas-marneros.de\/wp-content\/uploads\/2019\/07\/cover_enzyklopaedie-606x1024.png\" class=\"alignright wp-image-372 size-medium\" src=\"https:\/\/andreas-marneros.de\/wp-content\/uploads\/2019\/07\/cover_enzyklopaedie-178x300.png\" alt=\"\" width=\"178\" height=\"300\" srcset=\"https:\/\/andreas-marneros.de\/wp-content\/uploads\/2019\/07\/cover_enzyklopaedie-178x300.png 178w, https:\/\/andreas-marneros.de\/wp-content\/uploads\/2019\/07\/cover_enzyklopaedie-768x1297.png 768w, https:\/\/andreas-marneros.de\/wp-content\/uploads\/2019\/07\/cover_enzyklopaedie-606x1024.png 606w, https:\/\/andreas-marneros.de\/wp-content\/uploads\/2019\/07\/cover_enzyklopaedie.png 1644w\" sizes=\"(max-width: 178px) 100vw, 178px\" \/><\/a><\/td>\n<\/tr>\n<tr style=\"height: 149px;\">\n<td style=\"width: 81.7029%; text-align: left; vertical-align: top; height: 149px;\">\n<p>&#8222;<strong>Warum \u00d6dipus keinen \u00d6dipus-Komplex und Adonis keinen Sch\u00f6nheitswahn hatte \u2013 Psychoanalyse und griechische Mythologie<\/strong> \u2013 eine Beziehungskl\u00e4rung.&#8220;<br \/>Springer <a href=\"https:\/\/www.springer.com\/de\/book\/9783662567302\" target=\"_blank\" rel=\"noopener noreferrer\">[link]<\/a><\/p>\n<\/td>\n<td style=\"width: 18.2971%; text-align: center; vertical-align: top; height: 149px;\"><a class=\"alignnone\" href=\"https:\/\/andreas-marneros.de\/wp-content\/uploads\/2018\/12\/cover_oedipus_gross.jpg\" target=\"_blank\" rel=\"noopener noreferrer\"><img loading=\"lazy\" decoding=\"async\" data-attachment-id=\"336\" data-permalink=\"https:\/\/andreas-marneros.de\/?attachment_id=336\" data-orig-file=\"https:\/\/andreas-marneros.de\/wp-content\/uploads\/2018\/12\/cover_oedipus.jpg\" data-orig-size=\"743,1067\" data-comments-opened=\"1\" data-image-meta=\"{&quot;aperture&quot;:&quot;0&quot;,&quot;credit&quot;:&quot;&quot;,&quot;camera&quot;:&quot;&quot;,&quot;caption&quot;:&quot;&quot;,&quot;created_timestamp&quot;:&quot;0&quot;,&quot;copyright&quot;:&quot;&quot;,&quot;focal_length&quot;:&quot;0&quot;,&quot;iso&quot;:&quot;0&quot;,&quot;shutter_speed&quot;:&quot;0&quot;,&quot;title&quot;:&quot;&quot;,&quot;orientation&quot;:&quot;1&quot;}\" data-image-title=\"cover_oedipus\" data-image-description=\"\" data-image-caption=\"\" data-medium-file=\"https:\/\/andreas-marneros.de\/wp-content\/uploads\/2018\/12\/cover_oedipus-209x300.jpg\" data-large-file=\"https:\/\/andreas-marneros.de\/wp-content\/uploads\/2018\/12\/cover_oedipus-713x1024.jpg\" class=\"alignright wp-image-336 size-medium\" src=\"https:\/\/andreas-marneros.de\/wp-content\/uploads\/2018\/12\/cover_oedipus-209x300.jpg\" alt=\"\" width=\"209\" height=\"300\" srcset=\"https:\/\/andreas-marneros.de\/wp-content\/uploads\/2018\/12\/cover_oedipus-209x300.jpg 209w, https:\/\/andreas-marneros.de\/wp-content\/uploads\/2018\/12\/cover_oedipus-713x1024.jpg 713w, https:\/\/andreas-marneros.de\/wp-content\/uploads\/2018\/12\/cover_oedipus.jpg 743w\" sizes=\"(max-width: 209px) 100vw, 209px\" \/><\/a><\/td>\n<\/tr>\n<tr style=\"height: 148px;\">\n<td style=\"width: 81.7029%; text-align: left; vertical-align: top; height: 148px;\">\n<p>&#8222;<strong>Mein Bruder Sisyphos, mein Freund der Minotauros<br \/><\/strong>Archetypen der griechischen Mythologie psychologisch erz\u00e4hlt&#8220;<strong>, <\/strong>Springer <a href=\"https:\/\/www.springer.com\/de\/book\/9783662558072\" target=\"_blank\" rel=\"noopener noreferrer\">[link]<\/a><\/p>\n<\/td>\n<td style=\"width: 18.2971%; text-align: center; vertical-align: top; height: 148px;\"><a class=\"alignnone\" href=\"https:\/\/andreas-marneros.de\/wp-content\/uploads\/2018\/12\/cover_sisyphos_gross.jpg\" target=\"_blank\" rel=\"noopener noreferrer\"><img loading=\"lazy\" decoding=\"async\" data-attachment-id=\"335\" data-permalink=\"https:\/\/andreas-marneros.de\/?attachment_id=335\" data-orig-file=\"https:\/\/andreas-marneros.de\/wp-content\/uploads\/2018\/12\/cover_sisyphos.jpg\" data-orig-size=\"648,1050\" data-comments-opened=\"1\" data-image-meta=\"{&quot;aperture&quot;:&quot;0&quot;,&quot;credit&quot;:&quot;&quot;,&quot;camera&quot;:&quot;&quot;,&quot;caption&quot;:&quot;&quot;,&quot;created_timestamp&quot;:&quot;0&quot;,&quot;copyright&quot;:&quot;&quot;,&quot;focal_length&quot;:&quot;0&quot;,&quot;iso&quot;:&quot;0&quot;,&quot;shutter_speed&quot;:&quot;0&quot;,&quot;title&quot;:&quot;&quot;,&quot;orientation&quot;:&quot;0&quot;}\" data-image-title=\"cover_sisyphos\" data-image-description=\"\" data-image-caption=\"\" data-medium-file=\"https:\/\/andreas-marneros.de\/wp-content\/uploads\/2018\/12\/cover_sisyphos-185x300.jpg\" data-large-file=\"https:\/\/andreas-marneros.de\/wp-content\/uploads\/2018\/12\/cover_sisyphos-632x1024.jpg\" class=\"wp-image-335 alignright\" src=\"https:\/\/andreas-marneros.de\/wp-content\/uploads\/2018\/12\/cover_sisyphos-185x300.jpg\" alt=\"\" width=\"92\" height=\"149\" srcset=\"https:\/\/andreas-marneros.de\/wp-content\/uploads\/2018\/12\/cover_sisyphos-185x300.jpg 185w, https:\/\/andreas-marneros.de\/wp-content\/uploads\/2018\/12\/cover_sisyphos-632x1024.jpg 632w, https:\/\/andreas-marneros.de\/wp-content\/uploads\/2018\/12\/cover_sisyphos.jpg 648w\" sizes=\"(max-width: 92px) 100vw, 92px\" \/><\/a><\/td>\n<\/tr>\n<tr style=\"height: 76px;\">\n<td style=\"width: 81.7029%; text-align: left; vertical-align: top; height: 76px;\">\n<p>&#8222;<strong>Homers Odyssee psychologisch erz\u00e4hlt.<\/strong> <br \/>Der Seele erste Irrfahrt.&#8220;<br \/>Springer <a href=\"https:\/\/www.springer.com\/de\/book\/9783658138479\" target=\"_blank\" rel=\"noopener noreferrer\">[link]<\/a><\/p>\n<\/td>\n<td style=\"width: 18.2971%; text-align: center; vertical-align: top; height: 76px;\"><strong><a class=\"alignnone\" href=\"https:\/\/andreas-marneros.de\/wp-content\/uploads\/2019\/07\/homers_odyssee.png\" target=\"_blank\" rel=\"noopener noreferrer\"><img loading=\"lazy\" decoding=\"async\" data-attachment-id=\"384\" data-permalink=\"https:\/\/andreas-marneros.de\/?attachment_id=384\" data-orig-file=\"https:\/\/andreas-marneros.de\/wp-content\/uploads\/2019\/07\/homers_odyssee.png\" data-orig-size=\"687,1050\" data-comments-opened=\"1\" data-image-meta=\"{&quot;aperture&quot;:&quot;0&quot;,&quot;credit&quot;:&quot;&quot;,&quot;camera&quot;:&quot;&quot;,&quot;caption&quot;:&quot;&quot;,&quot;created_timestamp&quot;:&quot;0&quot;,&quot;copyright&quot;:&quot;&quot;,&quot;focal_length&quot;:&quot;0&quot;,&quot;iso&quot;:&quot;0&quot;,&quot;shutter_speed&quot;:&quot;0&quot;,&quot;title&quot;:&quot;&quot;,&quot;orientation&quot;:&quot;0&quot;}\" data-image-title=\"homers_odyssee\" data-image-description=\"\" data-image-caption=\"\" data-medium-file=\"https:\/\/andreas-marneros.de\/wp-content\/uploads\/2019\/07\/homers_odyssee-196x300.png\" data-large-file=\"https:\/\/andreas-marneros.de\/wp-content\/uploads\/2019\/07\/homers_odyssee-670x1024.png\" class=\"alignright wp-image-384\" src=\"https:\/\/andreas-marneros.de\/wp-content\/uploads\/2019\/07\/homers_odyssee.png\" alt=\"\" width=\"82\" height=\"125\" srcset=\"https:\/\/andreas-marneros.de\/wp-content\/uploads\/2019\/07\/homers_odyssee.png 687w, https:\/\/andreas-marneros.de\/wp-content\/uploads\/2019\/07\/homers_odyssee-196x300.png 196w, https:\/\/andreas-marneros.de\/wp-content\/uploads\/2019\/07\/homers_odyssee-670x1024.png 670w\" sizes=\"(max-width: 82px) 100vw, 82px\" \/><\/a><\/strong><\/td>\n<\/tr>\n<tr>\n<td style=\"width: 81.7029%; text-align: left; vertical-align: top;\">\n<p>&#8222;<strong>Homers Ilias psychologisch erz\u00e4hlt.<\/strong> <br \/>Der Seele erste Worte.&#8220;<br \/>Springer <a href=\"https:\/\/www.springer.com\/de\/book\/9783658112011\" target=\"_blank\" rel=\"noopener noreferrer\">[link]<\/a><\/p>\n<\/td>\n<td style=\"width: 18.2971%; text-align: center; vertical-align: top;\"><a href=\"https:\/\/andreas-marneros.de\/wp-content\/uploads\/2019\/07\/homers_ilias.png\" target=\"_blank\" rel=\"noopener noreferrer\"><img loading=\"lazy\" decoding=\"async\" data-attachment-id=\"385\" data-permalink=\"https:\/\/andreas-marneros.de\/?attachment_id=385\" data-orig-file=\"https:\/\/andreas-marneros.de\/wp-content\/uploads\/2019\/07\/homers_ilias.png\" data-orig-size=\"683,1094\" data-comments-opened=\"1\" data-image-meta=\"{&quot;aperture&quot;:&quot;0&quot;,&quot;credit&quot;:&quot;&quot;,&quot;camera&quot;:&quot;&quot;,&quot;caption&quot;:&quot;&quot;,&quot;created_timestamp&quot;:&quot;0&quot;,&quot;copyright&quot;:&quot;&quot;,&quot;focal_length&quot;:&quot;0&quot;,&quot;iso&quot;:&quot;0&quot;,&quot;shutter_speed&quot;:&quot;0&quot;,&quot;title&quot;:&quot;&quot;,&quot;orientation&quot;:&quot;0&quot;}\" data-image-title=\"homers_ilias\" data-image-description=\"\" data-image-caption=\"\" data-medium-file=\"https:\/\/andreas-marneros.de\/wp-content\/uploads\/2019\/07\/homers_ilias-187x300.png\" data-large-file=\"https:\/\/andreas-marneros.de\/wp-content\/uploads\/2019\/07\/homers_ilias-639x1024.png\" class=\"alignright wp-image-385\" src=\"https:\/\/andreas-marneros.de\/wp-content\/uploads\/2019\/07\/homers_ilias.png\" alt=\"\" width=\"82\" height=\"131\" srcset=\"https:\/\/andreas-marneros.de\/wp-content\/uploads\/2019\/07\/homers_ilias.png 683w, https:\/\/andreas-marneros.de\/wp-content\/uploads\/2019\/07\/homers_ilias-187x300.png 187w, https:\/\/andreas-marneros.de\/wp-content\/uploads\/2019\/07\/homers_ilias-639x1024.png 639w\" sizes=\"(max-width: 82px) 100vw, 82px\" \/><\/a><\/td>\n<\/tr>\n<tr>\n<td style=\"width: 81.7029%; text-align: left; vertical-align: top;\">\n<p>&#8222;<strong>Feuer f\u00fcr ausgebrannte Helden: Auf der Suche nach Orientierung.<\/strong> Ein Abenteuer mit Prometheus und Herakles.&#8220;<br \/>Rheinbach: CMZ-Verlag <a href=\"https:\/\/www.cmz.de\/127\/feuer-fuer-ausgebrannte-helden?number=b158-2\" target=\"_blank\" rel=\"noopener noreferrer\">[link]<\/a><\/p>\n<\/td>\n<td style=\"width: 18.2971%; text-align: center; vertical-align: top;\"><a href=\"https:\/\/andreas-marneros.de\/wp-content\/uploads\/2015\/02\/marneros_feuer.jpg\" target=\"_blank\" rel=\"noopener noreferrer\"><img loading=\"lazy\" decoding=\"async\" data-attachment-id=\"304\" data-permalink=\"https:\/\/andreas-marneros.de\/?attachment_id=304\" data-orig-file=\"https:\/\/andreas-marneros.de\/wp-content\/uploads\/2015\/02\/marneros_feuer.jpg\" data-orig-size=\"595,850\" data-comments-opened=\"1\" data-image-meta=\"{&quot;aperture&quot;:&quot;0&quot;,&quot;credit&quot;:&quot;&quot;,&quot;camera&quot;:&quot;&quot;,&quot;caption&quot;:&quot;&quot;,&quot;created_timestamp&quot;:&quot;0&quot;,&quot;copyright&quot;:&quot;&quot;,&quot;focal_length&quot;:&quot;0&quot;,&quot;iso&quot;:&quot;0&quot;,&quot;shutter_speed&quot;:&quot;0&quot;,&quot;title&quot;:&quot;&quot;,&quot;orientation&quot;:&quot;0&quot;}\" data-image-title=\"marneros_feuer\" data-image-description=\"\" data-image-caption=\"\" data-medium-file=\"https:\/\/andreas-marneros.de\/wp-content\/uploads\/2015\/02\/marneros_feuer-210x300.jpg\" data-large-file=\"https:\/\/andreas-marneros.de\/wp-content\/uploads\/2015\/02\/marneros_feuer.jpg\" class=\"alignnone wp-image-304 size-full\" src=\"https:\/\/andreas-marneros.de\/wp-content\/uploads\/2015\/02\/marneros_feuer.jpg\" alt=\"\" width=\"595\" height=\"850\" srcset=\"https:\/\/andreas-marneros.de\/wp-content\/uploads\/2015\/02\/marneros_feuer.jpg 595w, https:\/\/andreas-marneros.de\/wp-content\/uploads\/2015\/02\/marneros_feuer-210x300.jpg 210w\" sizes=\"(max-width: 595px) 100vw, 595px\" \/><\/a><\/td>\n<\/tr>\n<tr>\n<td style=\"width: 81.7029%; text-align: left; vertical-align: top;\">\n<p>&#8222;<strong>Irrsal! Wirrsal! Wahnsinn!<\/strong> Pers\u00f6nlichkeit, Psychose und psychische Konflikte in Trag\u00f6dien und Mythen.&#8220; <br \/>Schattauer <a href=\"https:\/\/www.klett-cotta.de\/buch\/Schattauer\/Irrsal!_Wirrsal!_Wahnsinn!\/92357\" target=\"_blank\" rel=\"noopener noreferrer\">[link]<\/a><\/p>\n<\/td>\n<td style=\"width: 18.2971%; text-align: center; vertical-align: top;\"><a href=\"https:\/\/andreas-marneros.de\/wp-content\/uploads\/2013\/07\/bc_irrsal.jpg\" target=\"_blank\" rel=\"noopener noreferrer\"><img loading=\"lazy\" decoding=\"async\" data-attachment-id=\"166\" data-permalink=\"https:\/\/andreas-marneros.de\/?attachment_id=166\" data-orig-file=\"https:\/\/andreas-marneros.de\/wp-content\/uploads\/2013\/07\/bc_irrsal.jpg\" data-orig-size=\"1860,2792\" data-comments-opened=\"1\" data-image-meta=\"{&quot;aperture&quot;:&quot;0&quot;,&quot;credit&quot;:&quot;frank&quot;,&quot;camera&quot;:&quot;&quot;,&quot;caption&quot;:&quot;&quot;,&quot;created_timestamp&quot;:&quot;1381777821&quot;,&quot;copyright&quot;:&quot;&quot;,&quot;focal_length&quot;:&quot;0&quot;,&quot;iso&quot;:&quot;0&quot;,&quot;shutter_speed&quot;:&quot;0&quot;,&quot;title&quot;:&quot;&quot;}\" data-image-title=\"bc_irrsal\" data-image-description=\"\" data-image-caption=\"\" data-medium-file=\"https:\/\/andreas-marneros.de\/wp-content\/uploads\/2013\/07\/bc_irrsal-199x300.jpg\" data-large-file=\"https:\/\/andreas-marneros.de\/wp-content\/uploads\/2013\/07\/bc_irrsal-682x1024.jpg\" class=\"alignnone wp-image-166\" src=\"https:\/\/andreas-marneros.de\/wp-content\/uploads\/2013\/07\/bc_irrsal.jpg\" alt=\"\" width=\"82\" height=\"123\" srcset=\"https:\/\/andreas-marneros.de\/wp-content\/uploads\/2013\/07\/bc_irrsal.jpg 1860w, https:\/\/andreas-marneros.de\/wp-content\/uploads\/2013\/07\/bc_irrsal-199x300.jpg 199w, https:\/\/andreas-marneros.de\/wp-content\/uploads\/2013\/07\/bc_irrsal-682x1024.jpg 682w\" sizes=\"(max-width: 82px) 100vw, 82px\" \/><\/a><\/td>\n<\/tr>\n<tr>\n<td style=\"width: 81.7029%; text-align: left; vertical-align: top;\">&#8230; zur Gesamtliste der B\u00fccher <a href=\"https:\/\/andreas-marneros.de\/?page_id=246\">[link]<\/a><\/td>\n<td style=\"width: 18.2971%; text-align: center; vertical-align: top;\">\u00a0<\/td>\n<\/tr>\n<\/tbody>\n<\/table>","protected":false},"excerpt":{"rendered":"<p>Auf der Homepage von Prof. Dr. med. Prof. h. c. Dr. h. c. mult. Andreas Marneros. zuletzt erschienene B\u00fccher: neu: &#8222;Bitterer als der Tod ist die Frau. Die Angst des Mannes\u00a0 vor der Gleichberechtigung&#8220;mitteldeutscher verlag\u00a0 [Weitere Infos] &#8222;Die List&#8220;Mythen und &hellip; <a href=\"https:\/\/andreas-marneros.de\/\">Weiterlesen <span class=\"meta-nav\">&rarr;<\/span><\/a><\/p>\n","protected":false},"author":1,"featured_media":0,"parent":0,"menu_order":0,"comment_status":"closed","ping_status":"closed","template":"","meta":{"jetpack_post_was_ever_published":false,"footnotes":""},"jetpack_shortlink":"https:\/\/wp.me\/P3J1CK-2","jetpack_sharing_enabled":true,"_links":{"self":[{"href":"https:\/\/andreas-marneros.de\/index.php?rest_route=\/wp\/v2\/pages\/2"}],"collection":[{"href":"https:\/\/andreas-marneros.de\/index.php?rest_route=\/wp\/v2\/pages"}],"about":[{"href":"https:\/\/andreas-marneros.de\/index.php?rest_route=\/wp\/v2\/types\/page"}],"author":[{"embeddable":true,"href":"https:\/\/andreas-marneros.de\/index.php?rest_route=\/wp\/v2\/users\/1"}],"replies":[{"embeddable":true,"href":"https:\/\/andreas-marneros.de\/index.php?rest_route=%2Fwp%2Fv2%2Fcomments&post=2"}],"version-history":[{"count":75,"href":"https:\/\/andreas-marneros.de\/index.php?rest_route=\/wp\/v2\/pages\/2\/revisions"}],"predecessor-version":[{"id":470,"href":"https:\/\/andreas-marneros.de\/index.php?rest_route=\/wp\/v2\/pages\/2\/revisions\/470"}],"wp:attachment":[{"href":"https:\/\/andreas-marneros.de\/index.php?rest_route=%2Fwp%2Fv2%2Fmedia&parent=2"}],"curies":[{"name":"wp","href":"https:\/\/api.w.org\/{rel}","templated":true}]}}